{"id":631,"date":"2022-11-27T15:36:02","date_gmt":"2022-11-27T15:36:02","guid":{"rendered":"https:\/\/mooibijesther.nl\/?page_id=631"},"modified":"2022-11-27T15:36:02","modified_gmt":"2022-11-27T15:36:02","slug":"decaar-3","status":"publish","type":"page","link":"https:\/\/mooibijesther.nl\/?page_id=631","title":{"rendered":"D\u00e9caar"},"content":{"rendered":"\n<p>\u201d<strong><em>Dare to be yourself\u201d\u2026<\/em><\/strong><\/p>\n\n\n\n<p>Jezelf blijven in een wereld waarin zoveel van ons wordt verwacht, kan lastig zijn. D\u00c9CAAR streeft ernaar om veilige en natuurlijke cosmeticaproducten van topkwaliteit te ontwikkelen. Wij geloven in een gezonde huid, voor blijvende schoonheid, zodat je jezelf kunt zijn en je prettig voelt in je eigen lichaam.<\/p>\n\n\n\n<p>D\u00c9CAAR producten worden gemaakt van actieve, natuurlijke ingredi\u00ebnten die veilig zijn voor jouw huid, jouw lichaam \u00e9n voor het milieu. Door constante innovatie garanderen wij onmiddellijke en langdurig zichtbare resultaten bij het gezond maken en behouden van de huid.<\/p>\n\n\n\n<p>Een nieuw en modern cosmeceutical merk, waarbij de wetenschap en de natuur met elkaar zijn verweven: zo kun je D\u00c9CAAR het beste omschrijven. Die twee werelden worden samengebracht voor de allerbeste resultaten in de salon. Onze producten en behandelingen zijn stuk voor stuk innovatief, uniek, veilig en heel effectief.<\/p>\n\n\n\n<figure class=\"wp-block-image size-full is-resized\"><img fetchpriority=\"high\" decoding=\"async\" src=\"http:\/\/mooibijesther.nl\/wp-content\/uploads\/2022\/11\/oxygen_expierence_kit_de_caar.png\" alt=\"\" class=\"wp-image-606\" width=\"333\" height=\"333\" srcset=\"https:\/\/mooibijesther.nl\/wp-content\/uploads\/2022\/11\/oxygen_expierence_kit_de_caar.png 700w, https:\/\/mooibijesther.nl\/wp-content\/uploads\/2022\/11\/oxygen_expierence_kit_de_caar-300x300.png 300w, https:\/\/mooibijesther.nl\/wp-content\/uploads\/2022\/11\/oxygen_expierence_kit_de_caar-150x150.png 150w\" sizes=\"(max-width: 333px) 100vw, 333px\" \/><\/figure>\n\n\n\n<p><\/p>\n\n\n\n<div class=\"wp-block-media-text alignwide is-stacked-on-mobile\" style=\"grid-template-columns:42% auto\"><figure class=\"wp-block-media-text__media\"><img decoding=\"async\" width=\"700\" height=\"700\" src=\"http:\/\/mooibijesther.nl\/wp-content\/uploads\/2022\/11\/foto-website-treatment-set.jpg\" alt=\"\" class=\"wp-image-605 size-full\" srcset=\"https:\/\/mooibijesther.nl\/wp-content\/uploads\/2022\/11\/foto-website-treatment-set.jpg 700w, https:\/\/mooibijesther.nl\/wp-content\/uploads\/2022\/11\/foto-website-treatment-set-300x300.jpg 300w, https:\/\/mooibijesther.nl\/wp-content\/uploads\/2022\/11\/foto-website-treatment-set-150x150.jpg 150w\" sizes=\"(max-width: 700px) 100vw, 700px\" \/><\/figure><div class=\"wp-block-media-text__content\">\n<h2 class=\"wp-block-heading\">Filosofie<strong><\/strong><\/h2>\n\n\n\n<p>D\u00c9CAAR is niet alleen een merk voor het zichtbaar verbeteren van de huid, maar ook een oplossing voor meer zelfvertrouwen. Onze focus ligt op het inspireren van mensen om zichzelf te durven zijn, om dingen anders te doen en anderen te accepteren voor wie ze zijn.<\/p>\n\n\n\n<p>Belangrijk voor ons is dat mensen zich prettig voelen met zichzelf en meer zelfvertrouwen hebben. Wij hebben een sterke overtuiging dat dit bijdraagt aan meer geluk, succes en levensvreugde.<\/p>\n\n\n\n<p>Wij ondersteunen deze filosofie door te zorgen voor eerlijke en vakkundige D\u00c9CAAR-specialisten. Met deze filosofie als leidraad, maken wij effectieve producten en behandelingen, die zijn afgestemd op iedere huidconditie en huidtype.<\/p>\n<\/div><\/div>\n\n\n\n<p>Onze missie is om levensveranderende huidverzorgingsproducten en behandelingen te ontwikkelen, die niet alleen veel uiteenlopende huidproblemen verbeteren, maar daarmee ook de kwaliteit van het leven. Met de kracht van de natuur, maken wij iedere huid weer gezond.<\/p>\n","protected":false},"excerpt":{"rendered":"<p>\u201dDare to be yourself\u201d\u2026 Jezelf blijven in een wereld waarin zoveel van ons wordt verwacht, kan lastig zijn. D\u00c9CAAR streeft ernaar om veilige en natuurlijke cosmeticaproducten van topkwaliteit te ontwikkelen. Wij geloven in een gezonde huid, voor blijvende schoonheid, zodat je jezelf kunt zijn en je prettig voelt in je eigen lichaam. D\u00c9CAAR producten worden [&hellip;]<\/p>\n","protected":false},"author":2,"featured_media":0,"parent":0,"menu_order":0,"comment_status":"closed","ping_status":"closed","template":"","meta":{"footnotes":""},"class_list":["post-631","page","type-page","status-publish","hentry"],"_links":{"self":[{"href":"https:\/\/mooibijesther.nl\/index.php?rest_route=\/wp\/v2\/pages\/631","targetHints":{"allow":["GET"]}}],"collection":[{"href":"https:\/\/mooibijesther.nl\/index.php?rest_route=\/wp\/v2\/pages"}],"about":[{"href":"https:\/\/mooibijesther.nl\/index.php?rest_route=\/wp\/v2\/types\/page"}],"author":[{"embeddable":true,"href":"https:\/\/mooibijesther.nl\/index.php?rest_route=\/wp\/v2\/users\/2"}],"replies":[{"embeddable":true,"href":"https:\/\/mooibijesther.nl\/index.php?rest_route=%2Fwp%2Fv2%2Fcomments&post=631"}],"version-history":[{"count":1,"href":"https:\/\/mooibijesther.nl\/index.php?rest_route=\/wp\/v2\/pages\/631\/revisions"}],"predecessor-version":[{"id":633,"href":"https:\/\/mooibijesther.nl\/index.php?rest_route=\/wp\/v2\/pages\/631\/revisions\/633"}],"wp:attachment":[{"href":"https:\/\/mooibijesther.nl\/index.php?rest_route=%2Fwp%2Fv2%2Fmedia&parent=631"}],"curies":[{"name":"wp","href":"https:\/\/api.w.org\/{rel}","templated":true}]}}